{"id":388,"date":"2025-01-30T20:53:53","date_gmt":"2025-01-30T19:53:53","guid":{"rendered":"https:\/\/florakert.evadomotor.com\/?product=madareteto"},"modified":"2025-02-24T19:52:53","modified_gmt":"2025-02-24T18:52:53","slug":"madareteto","status":"publish","type":"product","link":"https:\/\/florakert.evadomotor.com\/?product=madareteto","title":{"rendered":"Mad\u00e1retet\u0151"},"content":{"rendered":"<p><img loading=\"lazy\" decoding=\"async\" class=\"alignnone size-medium wp-image-422\" src=\"https:\/\/florakert.evadomotor.com\/wp-content\/uploads\/madareteto-300x300.jpg\" alt=\"madareteto.jpg\" width=\"300\" height=\"300\" srcset=\"https:\/\/florakert.evadomotor.com\/wp-content\/uploads\/madareteto-300x300.jpg 300w, https:\/\/florakert.evadomotor.com\/wp-content\/uploads\/madareteto-100x100.jpg 100w, https:\/\/florakert.evadomotor.com\/wp-content\/uploads\/madareteto-600x600.jpg 600w, https:\/\/florakert.evadomotor.com\/wp-content\/uploads\/madareteto-1024x1024.jpg 1024w, https:\/\/florakert.evadomotor.com\/wp-content\/uploads\/madareteto-150x150.jpg 150w, https:\/\/florakert.evadomotor.com\/wp-content\/uploads\/madareteto-768x768.jpg 768w, https:\/\/florakert.evadomotor.com\/wp-content\/uploads\/madareteto.jpg 1500w\" sizes=\"auto, (max-width: 300px) 100vw, 300px\" \/>F\u00e1b\u00f3l k\u00e9sz\u00fclt, \u00e1ll\u00f3 mad\u00e1retet\u0151<\/p>\n","protected":false},"excerpt":{"rendered":"<p>F\u00e1b\u00f3l k\u00e9sz\u00fclt, \u00e1ll\u00f3 mad\u00e1retet\u0151<\/p>\n","protected":false},"featured_media":422,"comment_status":"open","ping_status":"closed","template":"","meta":[],"product_brand":[],"product_cat":[30],"product_tag":[32,33],"class_list":{"0":"post-388","1":"product","2":"type-product","3":"status-publish","4":"has-post-thumbnail","6":"product_cat-dekoracio","7":"product_tag-csak-uzletunkben","8":"product_tag-uj-termek","10":"first","11":"instock","12":"shipping-taxable","13":"purchasable","14":"product-type-simple"},"_links":{"self":[{"href":"https:\/\/florakert.evadomotor.com\/index.php?rest_route=\/wp\/v2\/product\/388","targetHints":{"allow":["GET"]}}],"collection":[{"href":"https:\/\/florakert.evadomotor.com\/index.php?rest_route=\/wp\/v2\/product"}],"about":[{"href":"https:\/\/florakert.evadomotor.com\/index.php?rest_route=\/wp\/v2\/types\/product"}],"replies":[{"embeddable":true,"href":"https:\/\/florakert.evadomotor.com\/index.php?rest_route=%2Fwp%2Fv2%2Fcomments&post=388"}],"wp:featuredmedia":[{"embeddable":true,"href":"https:\/\/florakert.evadomotor.com\/index.php?rest_route=\/wp\/v2\/media\/422"}],"wp:attachment":[{"href":"https:\/\/florakert.evadomotor.com\/index.php?rest_route=%2Fwp%2Fv2%2Fmedia&parent=388"}],"wp:term":[{"taxonomy":"product_brand","embeddable":true,"href":"https:\/\/florakert.evadomotor.com\/index.php?rest_route=%2Fwp%2Fv2%2Fproduct_brand&post=388"},{"taxonomy":"product_cat","embeddable":true,"href":"https:\/\/florakert.evadomotor.com\/index.php?rest_route=%2Fwp%2Fv2%2Fproduct_cat&post=388"},{"taxonomy":"product_tag","embeddable":true,"href":"https:\/\/florakert.evadomotor.com\/index.php?rest_route=%2Fwp%2Fv2%2Fproduct_tag&post=388"}],"curies":[{"name":"wp","href":"https:\/\/api.w.org\/{rel}","templated":true}]}}