{"id":387,"date":"2025-01-30T20:53:53","date_gmt":"2025-01-30T19:53:53","guid":{"rendered":"https:\/\/florakert.evadomotor.com\/?product=kartevo-mentesito-adalek"},"modified":"2025-02-02T17:05:14","modified_gmt":"2025-02-02T16:05:14","slug":"kartevo-mentesito-adalek","status":"publish","type":"product","link":"https:\/\/florakert.evadomotor.com\/?product=kartevo-mentesito-adalek","title":{"rendered":"K\u00e1rtev\u0151 mentes\u00edt\u0151 adal\u00e9k"},"content":{"rendered":"<p><img loading=\"lazy\" decoding=\"async\" class=\"alignnone size-medium wp-image-415\" src=\"https:\/\/florakert.evadomotor.com\/wp-content\/uploads\/kartevo-mentesito-adalek-170x300.jpg\" alt=\"kartevo-mentesito-adalek.jpg\" width=\"170\" height=\"300\" srcset=\"https:\/\/florakert.evadomotor.com\/wp-content\/uploads\/kartevo-mentesito-adalek-170x300.jpg 170w, https:\/\/florakert.evadomotor.com\/wp-content\/uploads\/kartevo-mentesito-adalek-600x1061.jpg 600w, https:\/\/florakert.evadomotor.com\/wp-content\/uploads\/kartevo-mentesito-adalek-579x1024.jpg 579w, https:\/\/florakert.evadomotor.com\/wp-content\/uploads\/kartevo-mentesito-adalek-768x1358.jpg 768w, https:\/\/florakert.evadomotor.com\/wp-content\/uploads\/kartevo-mentesito-adalek.jpg 848w\" sizes=\"auto, (max-width: 170px) 100vw, 170px\" \/>K\u00fcl\u00f6nb\u00f6z\u0151 kerti k\u00e9miai term\u00e9kek egy csomagban,<\/p>\n","protected":false},"excerpt":{"rendered":"<p>K\u00fcl\u00f6nb\u00f6z\u0151 kerti k\u00e9miai term\u00e9kek egy csomagban,<\/p>\n","protected":false},"featured_media":415,"comment_status":"open","ping_status":"closed","template":"","meta":[],"product_brand":[],"product_cat":[23],"product_tag":[],"class_list":{"0":"post-387","1":"product","2":"type-product","3":"status-publish","4":"has-post-thumbnail","6":"product_cat-talaj","8":"first","9":"instock","10":"shipping-taxable","11":"purchasable","12":"product-type-simple"},"_links":{"self":[{"href":"https:\/\/florakert.evadomotor.com\/index.php?rest_route=\/wp\/v2\/product\/387","targetHints":{"allow":["GET"]}}],"collection":[{"href":"https:\/\/florakert.evadomotor.com\/index.php?rest_route=\/wp\/v2\/product"}],"about":[{"href":"https:\/\/florakert.evadomotor.com\/index.php?rest_route=\/wp\/v2\/types\/product"}],"replies":[{"embeddable":true,"href":"https:\/\/florakert.evadomotor.com\/index.php?rest_route=%2Fwp%2Fv2%2Fcomments&post=387"}],"wp:featuredmedia":[{"embeddable":true,"href":"https:\/\/florakert.evadomotor.com\/index.php?rest_route=\/wp\/v2\/media\/415"}],"wp:attachment":[{"href":"https:\/\/florakert.evadomotor.com\/index.php?rest_route=%2Fwp%2Fv2%2Fmedia&parent=387"}],"wp:term":[{"taxonomy":"product_brand","embeddable":true,"href":"https:\/\/florakert.evadomotor.com\/index.php?rest_route=%2Fwp%2Fv2%2Fproduct_brand&post=387"},{"taxonomy":"product_cat","embeddable":true,"href":"https:\/\/florakert.evadomotor.com\/index.php?rest_route=%2Fwp%2Fv2%2Fproduct_cat&post=387"},{"taxonomy":"product_tag","embeddable":true,"href":"https:\/\/florakert.evadomotor.com\/index.php?rest_route=%2Fwp%2Fv2%2Fproduct_tag&post=387"}],"curies":[{"name":"wp","href":"https:\/\/api.w.org\/{rel}","templated":true}]}}