{"id":382,"date":"2025-01-30T20:53:52","date_gmt":"2025-01-30T19:53:52","guid":{"rendered":"https:\/\/florakert.evadomotor.com\/?product=kerti-to-epito-keszlet"},"modified":"2025-02-24T20:27:56","modified_gmt":"2025-02-24T19:27:56","slug":"kerti-to-epito-keszlet","status":"publish","type":"product","link":"https:\/\/florakert.evadomotor.com\/?product=kerti-to-epito-keszlet","title":{"rendered":"Kerti t\u00f3 \u00e9p\u00edt\u0151 k\u00e9szlet"},"content":{"rendered":"<p>Mindent tartalmaz, ami egy kis kerti t\u00f3hoz sz\u00fcks\u00e9ges<\/p>\n","protected":false},"excerpt":{"rendered":"<p>Mindent tartalmaz, ami egy kis kerti t\u00f3hoz sz\u00fcks\u00e9ges<\/p>\n","protected":false},"featured_media":440,"comment_status":"open","ping_status":"closed","template":"","meta":[],"product_brand":[],"product_cat":[26],"product_tag":[],"class_list":{"0":"post-382","1":"product","2":"type-product","3":"status-publish","4":"has-post-thumbnail","6":"product_cat-tartozekok","8":"first","9":"outofstock","10":"sale","11":"shipping-taxable","12":"purchasable","13":"product-type-simple"},"_links":{"self":[{"href":"https:\/\/florakert.evadomotor.com\/index.php?rest_route=\/wp\/v2\/product\/382","targetHints":{"allow":["GET"]}}],"collection":[{"href":"https:\/\/florakert.evadomotor.com\/index.php?rest_route=\/wp\/v2\/product"}],"about":[{"href":"https:\/\/florakert.evadomotor.com\/index.php?rest_route=\/wp\/v2\/types\/product"}],"replies":[{"embeddable":true,"href":"https:\/\/florakert.evadomotor.com\/index.php?rest_route=%2Fwp%2Fv2%2Fcomments&post=382"}],"wp:featuredmedia":[{"embeddable":true,"href":"https:\/\/florakert.evadomotor.com\/index.php?rest_route=\/wp\/v2\/media\/440"}],"wp:attachment":[{"href":"https:\/\/florakert.evadomotor.com\/index.php?rest_route=%2Fwp%2Fv2%2Fmedia&parent=382"}],"wp:term":[{"taxonomy":"product_brand","embeddable":true,"href":"https:\/\/florakert.evadomotor.com\/index.php?rest_route=%2Fwp%2Fv2%2Fproduct_brand&post=382"},{"taxonomy":"product_cat","embeddable":true,"href":"https:\/\/florakert.evadomotor.com\/index.php?rest_route=%2Fwp%2Fv2%2Fproduct_cat&post=382"},{"taxonomy":"product_tag","embeddable":true,"href":"https:\/\/florakert.evadomotor.com\/index.php?rest_route=%2Fwp%2Fv2%2Fproduct_tag&post=382"}],"curies":[{"name":"wp","href":"https:\/\/api.w.org\/{rel}","templated":true}]}}