{"id":367,"date":"2025-01-30T20:53:52","date_gmt":"2025-01-30T19:53:52","guid":{"rendered":"https:\/\/florakert.evadomotor.com\/?product=viragtarto-allvany-beton-csereppel"},"modified":"2025-02-24T19:57:21","modified_gmt":"2025-02-24T18:57:21","slug":"viragtarto-allvany-beton-csereppel","status":"publish","type":"product","link":"https:\/\/florakert.evadomotor.com\/?product=viragtarto-allvany-beton-csereppel","title":{"rendered":"Vir\u00e1gtart\u00f3 \u00e1llv\u00e1ny beton cser\u00e9ppel"},"content":{"rendered":"<p>Fa vir\u00e1gtart\u00f3 \u00e1llv\u00e1ny, 3 szinttel<\/p>\n","protected":false},"excerpt":{"rendered":"<p>Fa vir\u00e1gtart\u00f3 \u00e1llv\u00e1ny, 3 szinttel<\/p>\n","protected":false},"featured_media":0,"comment_status":"open","ping_status":"closed","template":"","meta":[],"product_brand":[],"product_cat":[30],"product_tag":[],"class_list":{"0":"post-367","1":"product","2":"type-product","3":"status-publish","5":"product_cat-dekoracio","7":"first","8":"outofstock","9":"shipping-taxable","10":"purchasable","11":"product-type-simple"},"_links":{"self":[{"href":"https:\/\/florakert.evadomotor.com\/index.php?rest_route=\/wp\/v2\/product\/367","targetHints":{"allow":["GET"]}}],"collection":[{"href":"https:\/\/florakert.evadomotor.com\/index.php?rest_route=\/wp\/v2\/product"}],"about":[{"href":"https:\/\/florakert.evadomotor.com\/index.php?rest_route=\/wp\/v2\/types\/product"}],"replies":[{"embeddable":true,"href":"https:\/\/florakert.evadomotor.com\/index.php?rest_route=%2Fwp%2Fv2%2Fcomments&post=367"}],"wp:attachment":[{"href":"https:\/\/florakert.evadomotor.com\/index.php?rest_route=%2Fwp%2Fv2%2Fmedia&parent=367"}],"wp:term":[{"taxonomy":"product_brand","embeddable":true,"href":"https:\/\/florakert.evadomotor.com\/index.php?rest_route=%2Fwp%2Fv2%2Fproduct_brand&post=367"},{"taxonomy":"product_cat","embeddable":true,"href":"https:\/\/florakert.evadomotor.com\/index.php?rest_route=%2Fwp%2Fv2%2Fproduct_cat&post=367"},{"taxonomy":"product_tag","embeddable":true,"href":"https:\/\/florakert.evadomotor.com\/index.php?rest_route=%2Fwp%2Fv2%2Fproduct_tag&post=367"}],"curies":[{"name":"wp","href":"https:\/\/api.w.org\/{rel}","templated":true}]}}