{"id":364,"date":"2025-01-30T20:53:52","date_gmt":"2025-01-30T19:53:52","guid":{"rendered":"https:\/\/florakert.evadomotor.com\/?product=gyomirto-spray"},"modified":"2025-02-24T20:07:15","modified_gmt":"2025-02-24T19:07:15","slug":"gyomirto-spray","status":"publish","type":"product","link":"https:\/\/florakert.evadomotor.com\/?product=gyomirto-spray","title":{"rendered":"Gyomirt\u00f3 spray"},"content":{"rendered":"<p>Gyorsan hat\u00f3, nem toxikus gyomirt\u00f3<\/p>\n","protected":false},"excerpt":{"rendered":"<p>Gyorsan hat\u00f3, nem toxikus gyomirt\u00f3<\/p>\n","protected":false},"featured_media":404,"comment_status":"open","ping_status":"closed","template":"","meta":[],"product_brand":[],"product_cat":[28],"product_tag":[33],"class_list":{"0":"post-364","1":"product","2":"type-product","3":"status-publish","4":"has-post-thumbnail","6":"product_cat-vegyszerek-adalekok","7":"product_tag-uj-termek","9":"first","10":"instock","11":"shipping-taxable","12":"purchasable","13":"product-type-simple"},"_links":{"self":[{"href":"https:\/\/florakert.evadomotor.com\/index.php?rest_route=\/wp\/v2\/product\/364","targetHints":{"allow":["GET"]}}],"collection":[{"href":"https:\/\/florakert.evadomotor.com\/index.php?rest_route=\/wp\/v2\/product"}],"about":[{"href":"https:\/\/florakert.evadomotor.com\/index.php?rest_route=\/wp\/v2\/types\/product"}],"replies":[{"embeddable":true,"href":"https:\/\/florakert.evadomotor.com\/index.php?rest_route=%2Fwp%2Fv2%2Fcomments&post=364"}],"wp:featuredmedia":[{"embeddable":true,"href":"https:\/\/florakert.evadomotor.com\/index.php?rest_route=\/wp\/v2\/media\/404"}],"wp:attachment":[{"href":"https:\/\/florakert.evadomotor.com\/index.php?rest_route=%2Fwp%2Fv2%2Fmedia&parent=364"}],"wp:term":[{"taxonomy":"product_brand","embeddable":true,"href":"https:\/\/florakert.evadomotor.com\/index.php?rest_route=%2Fwp%2Fv2%2Fproduct_brand&post=364"},{"taxonomy":"product_cat","embeddable":true,"href":"https:\/\/florakert.evadomotor.com\/index.php?rest_route=%2Fwp%2Fv2%2Fproduct_cat&post=364"},{"taxonomy":"product_tag","embeddable":true,"href":"https:\/\/florakert.evadomotor.com\/index.php?rest_route=%2Fwp%2Fv2%2Fproduct_tag&post=364"}],"curies":[{"name":"wp","href":"https:\/\/api.w.org\/{rel}","templated":true}]}}