{"id":361,"date":"2025-01-30T20:53:51","date_gmt":"2025-01-30T19:53:51","guid":{"rendered":"https:\/\/florakert.evadomotor.com\/?product=cserep"},"modified":"2025-02-01T20:53:26","modified_gmt":"2025-02-01T19:53:26","slug":"cserep","status":"publish","type":"product","link":"https:\/\/florakert.evadomotor.com\/?product=cserep","title":{"rendered":"Cser\u00e9p"},"content":{"rendered":"<p>15 cm \u00e1tm\u00e9r\u0151j\u0171, ker\u00e1mia cser\u00e9p<\/p>\n","protected":false},"excerpt":{"rendered":"<p>15 cm \u00e1tm\u00e9r\u0151j\u0171, ker\u00e1mia cser\u00e9p<\/p>\n","protected":false},"featured_media":401,"comment_status":"open","ping_status":"closed","template":"","meta":[],"product_brand":[],"product_cat":[26],"product_tag":[],"class_list":{"0":"post-361","1":"product","2":"type-product","3":"status-publish","4":"has-post-thumbnail","6":"product_cat-tartozekok","8":"first","9":"instock","10":"shipping-taxable","11":"purchasable","12":"product-type-simple"},"_links":{"self":[{"href":"https:\/\/florakert.evadomotor.com\/index.php?rest_route=\/wp\/v2\/product\/361","targetHints":{"allow":["GET"]}}],"collection":[{"href":"https:\/\/florakert.evadomotor.com\/index.php?rest_route=\/wp\/v2\/product"}],"about":[{"href":"https:\/\/florakert.evadomotor.com\/index.php?rest_route=\/wp\/v2\/types\/product"}],"replies":[{"embeddable":true,"href":"https:\/\/florakert.evadomotor.com\/index.php?rest_route=%2Fwp%2Fv2%2Fcomments&post=361"}],"wp:featuredmedia":[{"embeddable":true,"href":"https:\/\/florakert.evadomotor.com\/index.php?rest_route=\/wp\/v2\/media\/401"}],"wp:attachment":[{"href":"https:\/\/florakert.evadomotor.com\/index.php?rest_route=%2Fwp%2Fv2%2Fmedia&parent=361"}],"wp:term":[{"taxonomy":"product_brand","embeddable":true,"href":"https:\/\/florakert.evadomotor.com\/index.php?rest_route=%2Fwp%2Fv2%2Fproduct_brand&post=361"},{"taxonomy":"product_cat","embeddable":true,"href":"https:\/\/florakert.evadomotor.com\/index.php?rest_route=%2Fwp%2Fv2%2Fproduct_cat&post=361"},{"taxonomy":"product_tag","embeddable":true,"href":"https:\/\/florakert.evadomotor.com\/index.php?rest_route=%2Fwp%2Fv2%2Fproduct_tag&post=361"}],"curies":[{"name":"wp","href":"https:\/\/api.w.org\/{rel}","templated":true}]}}