{"id":360,"date":"2025-01-30T20:53:51","date_gmt":"2025-01-30T19:53:51","guid":{"rendered":"https:\/\/florakert.evadomotor.com\/?product=novenyvedo-spray"},"modified":"2025-02-01T20:53:26","modified_gmt":"2025-02-01T19:53:26","slug":"novenyvedo-spray","status":"publish","type":"product","link":"https:\/\/florakert.evadomotor.com\/?product=novenyvedo-spray","title":{"rendered":"N\u00f6v\u00e9nyv\u00e9d\u0151 spray"},"content":{"rendered":"<p>Term\u00e9szetes alapanyagokb\u00f3l, rovarok \u00e9s k\u00e1rtev\u0151k ellen<\/p>\n","protected":false},"excerpt":{"rendered":"<p>Term\u00e9szetes alapanyagokb\u00f3l, rovarok \u00e9s k\u00e1rtev\u0151k ellen<\/p>\n","protected":false},"featured_media":400,"comment_status":"open","ping_status":"closed","template":"","meta":[],"product_brand":[],"product_cat":[28],"product_tag":[],"class_list":{"0":"post-360","1":"product","2":"type-product","3":"status-publish","4":"has-post-thumbnail","6":"product_cat-vegyszerek-adalekok","8":"first","9":"instock","10":"shipping-taxable","11":"purchasable","12":"product-type-simple"},"_links":{"self":[{"href":"https:\/\/florakert.evadomotor.com\/index.php?rest_route=\/wp\/v2\/product\/360","targetHints":{"allow":["GET"]}}],"collection":[{"href":"https:\/\/florakert.evadomotor.com\/index.php?rest_route=\/wp\/v2\/product"}],"about":[{"href":"https:\/\/florakert.evadomotor.com\/index.php?rest_route=\/wp\/v2\/types\/product"}],"replies":[{"embeddable":true,"href":"https:\/\/florakert.evadomotor.com\/index.php?rest_route=%2Fwp%2Fv2%2Fcomments&post=360"}],"wp:featuredmedia":[{"embeddable":true,"href":"https:\/\/florakert.evadomotor.com\/index.php?rest_route=\/wp\/v2\/media\/400"}],"wp:attachment":[{"href":"https:\/\/florakert.evadomotor.com\/index.php?rest_route=%2Fwp%2Fv2%2Fmedia&parent=360"}],"wp:term":[{"taxonomy":"product_brand","embeddable":true,"href":"https:\/\/florakert.evadomotor.com\/index.php?rest_route=%2Fwp%2Fv2%2Fproduct_brand&post=360"},{"taxonomy":"product_cat","embeddable":true,"href":"https:\/\/florakert.evadomotor.com\/index.php?rest_route=%2Fwp%2Fv2%2Fproduct_cat&post=360"},{"taxonomy":"product_tag","embeddable":true,"href":"https:\/\/florakert.evadomotor.com\/index.php?rest_route=%2Fwp%2Fv2%2Fproduct_tag&post=360"}],"curies":[{"name":"wp","href":"https:\/\/api.w.org\/{rel}","templated":true}]}}