{"id":356,"date":"2025-01-30T20:53:51","date_gmt":"2025-01-30T19:53:51","guid":{"rendered":"https:\/\/florakert.evadomotor.com\/?product=kerti-kesztyu"},"modified":"2025-02-01T20:53:25","modified_gmt":"2025-02-01T19:53:25","slug":"kerti-kesztyu","status":"publish","type":"product","link":"https:\/\/florakert.evadomotor.com\/?product=kerti-kesztyu","title":{"rendered":"Kerti keszty\u0171"},"content":{"rendered":"<p>V\u00edz\u00e1ll\u00f3, tart\u00f3s anyagb\u00f3l k\u00e9sz\u00fclt kerti keszty\u0171<\/p>\n","protected":false},"excerpt":{"rendered":"<p>V\u00edz\u00e1ll\u00f3, tart\u00f3s anyagb\u00f3l k\u00e9sz\u00fclt kerti keszty\u0171<\/p>\n","protected":false},"featured_media":396,"comment_status":"open","ping_status":"closed","template":"","meta":[],"product_brand":[],"product_cat":[25],"product_tag":[],"class_list":{"0":"post-356","1":"product","2":"type-product","3":"status-publish","4":"has-post-thumbnail","6":"product_cat-munkavedelem","8":"first","9":"instock","10":"shipping-taxable","11":"purchasable","12":"product-type-simple"},"_links":{"self":[{"href":"https:\/\/florakert.evadomotor.com\/index.php?rest_route=\/wp\/v2\/product\/356","targetHints":{"allow":["GET"]}}],"collection":[{"href":"https:\/\/florakert.evadomotor.com\/index.php?rest_route=\/wp\/v2\/product"}],"about":[{"href":"https:\/\/florakert.evadomotor.com\/index.php?rest_route=\/wp\/v2\/types\/product"}],"replies":[{"embeddable":true,"href":"https:\/\/florakert.evadomotor.com\/index.php?rest_route=%2Fwp%2Fv2%2Fcomments&post=356"}],"wp:featuredmedia":[{"embeddable":true,"href":"https:\/\/florakert.evadomotor.com\/index.php?rest_route=\/wp\/v2\/media\/396"}],"wp:attachment":[{"href":"https:\/\/florakert.evadomotor.com\/index.php?rest_route=%2Fwp%2Fv2%2Fmedia&parent=356"}],"wp:term":[{"taxonomy":"product_brand","embeddable":true,"href":"https:\/\/florakert.evadomotor.com\/index.php?rest_route=%2Fwp%2Fv2%2Fproduct_brand&post=356"},{"taxonomy":"product_cat","embeddable":true,"href":"https:\/\/florakert.evadomotor.com\/index.php?rest_route=%2Fwp%2Fv2%2Fproduct_cat&post=356"},{"taxonomy":"product_tag","embeddable":true,"href":"https:\/\/florakert.evadomotor.com\/index.php?rest_route=%2Fwp%2Fv2%2Fproduct_tag&post=356"}],"curies":[{"name":"wp","href":"https:\/\/api.w.org\/{rel}","templated":true}]}}