{"id":191,"date":"2024-12-11T21:52:03","date_gmt":"2024-12-11T20:52:03","guid":{"rendered":"https:\/\/florakert.evadomotor.com\/?page_id=191"},"modified":"2024-12-12T22:10:30","modified_gmt":"2024-12-12T21:10:30","slug":"mediterran-hangulatu-parkerdo","status":"publish","type":"page","link":"https:\/\/florakert.evadomotor.com\/?page_id=191","title":{"rendered":"Mediterr\u00e1n hangulat\u00fa parkerd\u0151"},"content":{"rendered":"\n<p>&#8222;Sed ut perspiciatis unde omnis iste natus error sit voluptatem accusantium doloremque laudantium, totam rem aperiam, eaque ipsa quae ab illo inventore veritatis et quasi architecto beatae vitae dicta sunt <\/p>\n","protected":false},"excerpt":{"rendered":"<p>&#8222;Sed ut perspiciatis unde omnis iste natus error sit voluptatem accusantium doloremque laudantium, totam rem aperiam, eaque ipsa quae ab &#8230;<\/p>\n","protected":false},"author":1,"featured_media":153,"parent":19,"menu_order":22,"comment_status":"closed","ping_status":"closed","template":"","meta":{"footnotes":""},"class_list":["post-191","page","type-page","status-publish","has-post-thumbnail","hentry"],"_links":{"self":[{"href":"https:\/\/florakert.evadomotor.com\/index.php?rest_route=\/wp\/v2\/pages\/191","targetHints":{"allow":["GET"]}}],"collection":[{"href":"https:\/\/florakert.evadomotor.com\/index.php?rest_route=\/wp\/v2\/pages"}],"about":[{"href":"https:\/\/florakert.evadomotor.com\/index.php?rest_route=\/wp\/v2\/types\/page"}],"author":[{"embeddable":true,"href":"https:\/\/florakert.evadomotor.com\/index.php?rest_route=\/wp\/v2\/users\/1"}],"replies":[{"embeddable":true,"href":"https:\/\/florakert.evadomotor.com\/index.php?rest_route=%2Fwp%2Fv2%2Fcomments&post=191"}],"version-history":[{"count":2,"href":"https:\/\/florakert.evadomotor.com\/index.php?rest_route=\/wp\/v2\/pages\/191\/revisions"}],"predecessor-version":[{"id":221,"href":"https:\/\/florakert.evadomotor.com\/index.php?rest_route=\/wp\/v2\/pages\/191\/revisions\/221"}],"up":[{"embeddable":true,"href":"https:\/\/florakert.evadomotor.com\/index.php?rest_route=\/wp\/v2\/pages\/19"}],"wp:featuredmedia":[{"embeddable":true,"href":"https:\/\/florakert.evadomotor.com\/index.php?rest_route=\/wp\/v2\/media\/153"}],"wp:attachment":[{"href":"https:\/\/florakert.evadomotor.com\/index.php?rest_route=%2Fwp%2Fv2%2Fmedia&parent=191"}],"curies":[{"name":"wp","href":"https:\/\/api.w.org\/{rel}","templated":true}]}}