{"id":185,"date":"2024-12-08T21:49:58","date_gmt":"2024-12-08T20:49:58","guid":{"rendered":"https:\/\/florakert.evadomotor.com\/?page_id=185"},"modified":"2024-12-13T22:20:12","modified_gmt":"2024-12-13T21:20:12","slug":"hetvegi-pihenokert","status":"publish","type":"page","link":"https:\/\/florakert.evadomotor.com\/?page_id=185","title":{"rendered":"H\u00e9tv\u00e9gi pihen\u0151kert"},"content":{"rendered":"\n<p><strong>&#8222;A k\u00f6zpark, amit a Fl\u00f3raKert tervezett \u00e9s \u00e9p\u00edtett, az eg\u00e9sz k\u00f6z\u00f6ss\u00e9g sz\u00e1m\u00e1ra \u00f6r\u00f6m\u00f6t hozott. K\u00f6sz\u00f6nj\u00fck!&#8221;<\/strong><br>\u2013 M\u00e1ria, Polg\u00e1rmester, Gy\u0151r<\/p>\n","protected":false},"excerpt":{"rendered":"<p>&#8222;A k\u00f6zpark, amit a Fl\u00f3raKert tervezett \u00e9s \u00e9p\u00edtett, az eg\u00e9sz k\u00f6z\u00f6ss\u00e9g sz\u00e1m\u00e1ra \u00f6r\u00f6m\u00f6t hozott. K\u00f6sz\u00f6nj\u00fck!&#8221;\u2013 M\u00e1ria, Polg\u00e1rmester, Gy\u0151r<\/p>\n","protected":false},"author":1,"featured_media":156,"parent":19,"menu_order":19,"comment_status":"closed","ping_status":"closed","template":"","meta":{"footnotes":""},"class_list":["post-185","page","type-page","status-publish","has-post-thumbnail","hentry"],"_links":{"self":[{"href":"https:\/\/florakert.evadomotor.com\/index.php?rest_route=\/wp\/v2\/pages\/185","targetHints":{"allow":["GET"]}}],"collection":[{"href":"https:\/\/florakert.evadomotor.com\/index.php?rest_route=\/wp\/v2\/pages"}],"about":[{"href":"https:\/\/florakert.evadomotor.com\/index.php?rest_route=\/wp\/v2\/types\/page"}],"author":[{"embeddable":true,"href":"https:\/\/florakert.evadomotor.com\/index.php?rest_route=\/wp\/v2\/users\/1"}],"replies":[{"embeddable":true,"href":"https:\/\/florakert.evadomotor.com\/index.php?rest_route=%2Fwp%2Fv2%2Fcomments&post=185"}],"version-history":[{"count":2,"href":"https:\/\/florakert.evadomotor.com\/index.php?rest_route=\/wp\/v2\/pages\/185\/revisions"}],"predecessor-version":[{"id":217,"href":"https:\/\/florakert.evadomotor.com\/index.php?rest_route=\/wp\/v2\/pages\/185\/revisions\/217"}],"up":[{"embeddable":true,"href":"https:\/\/florakert.evadomotor.com\/index.php?rest_route=\/wp\/v2\/pages\/19"}],"wp:featuredmedia":[{"embeddable":true,"href":"https:\/\/florakert.evadomotor.com\/index.php?rest_route=\/wp\/v2\/media\/156"}],"wp:attachment":[{"href":"https:\/\/florakert.evadomotor.com\/index.php?rest_route=%2Fwp%2Fv2%2Fmedia&parent=185"}],"curies":[{"name":"wp","href":"https:\/\/api.w.org\/{rel}","templated":true}]}}