{"id":11,"date":"2024-10-22T21:03:15","date_gmt":"2024-10-22T19:03:15","guid":{"rendered":"https:\/\/florakert.evadomotor.com\/?page_id=11"},"modified":"2025-03-02T22:53:46","modified_gmt":"2025-03-02T21:53:46","slug":"kezdolap","status":"publish","type":"page","link":"https:\/\/florakert.evadomotor.com\/","title":{"rendered":"Kezd\u0151lap"},"content":{"rendered":"\n<div class=\"wp-block-group hero wide home-hero\"><div class=\"wp-block-group__inner-container is-layout-constrained wp-block-group-is-layout-constrained\">\n<div class=\"wp-block-columns is-layout-flex wp-container-core-columns-is-layout-9d6595d7 wp-block-columns-is-layout-flex\">\n<div class=\"wp-block-column is-layout-flow wp-block-column-is-layout-flow\" style=\"flex-basis:55%\">\n<p class=\"highlight\"><strong>Z\u00f6ld\u00fclj\u00f6n vel\u00fcnk!<\/strong><\/p>\n\n\n\n<h1 class=\"wp-block-heading\">Kreat\u00edv kerttervez\u00e9s egy<br>fenntarthat\u00f3bb j\u00f6v\u0151\u00e9rt!<\/h1>\n\n\n\n<p>A v\u00e1llalkoz\u00e1sunk kert\u00e9p\u00edt\u00e9ssel, parkrendez\u00e9ssel, kerti t\u00f3 \u00e9s sziklakert \u00e9p\u00edt\u00e9ssel foglalkozik. C\u00e9lunk olyan&nbsp;<strong>gy\u00f6ny\u00f6r\u0171 \u00e9s funkcion\u00e1lis kertek l\u00e9trehoz\u00e1sa<\/strong>, amelyek \u00f6r\u00f6met okoznak \u00fcgyfeleiknek, \u00e9s a term\u00e9szet harm\u00f3ni\u00e1j\u00e1t hozz\u00e1k be az otthonaikba \u00e9s k\u00f6rnyezet\u00fckbe.<\/p>\n\n\n\n<div class=\"wp-block-buttons is-layout-flex wp-block-buttons-is-layout-flex\">\n<div class=\"wp-block-button\"><a class=\"wp-block-button__link wp-element-button\" href=\"https:\/\/florakert.evadomotor.com\/?page_id=70\">Aj\u00e1nlatk\u00e9r\u00e9s<\/a><\/div>\n<\/div>\n<\/div>\n\n\n\n<div class=\"wp-block-column is-layout-flow wp-block-column-is-layout-flow\" style=\"flex-basis:45%\"><\/div>\n<\/div>\n<\/div><\/div>\n\n\n\n<div style=\"height:100px\" aria-hidden=\"true\" class=\"wp-block-spacer\"><\/div>\n\n\n\n<p class=\"has-text-align-center highlight\"><strong>Kert\u00e9p\u00edt\u00e9s \u00e9s Parkrendez\u00e9s<\/strong><\/p>\n\n\n\n<h2 class=\"wp-block-heading has-text-align-center\"><strong>\u00c9letre keltj\u00fck az \u00d6n elk\u00e9pzel\u00e9seit<\/strong><\/h2>\n\n\n\n<p class=\"has-text-align-center narrow\">B\u00e1rmilyen elk\u00e9pzel\u00e9se is van, mi megtervezz\u00fck \u00e9s kivitelezz\u00fck. Legyen sz\u00f3 egy kisv\u00e1rosi kert romantikus hangulatr\u00f3l, egy modern v\u00e1rosi dzsungelr\u0151l vagy egy t\u00e1gas park nyugalm\u00e1r\u00f3l, a Fl\u00f3raKert csapata k\u00e9szen \u00e1ll, hogy val\u00f3s\u00e1gg\u00e1 v\u00e1ltsa az \u00e1lmait.<\/p>\n\n\n\n<div style=\"height:50px\" aria-hidden=\"true\" class=\"wp-block-spacer\"><\/div>\n\n\n\n<div class=\"wp-block-query query-cta is-layout-flow wp-block-query-is-layout-flow\"><ul class=\"columns-3 wp-block-post-template is-layout-grid wp-container-core-post-template-is-layout-2fc57c17 wp-block-post-template-is-layout-grid\"><li class=\"wp-block-post post-15 page type-page status-publish has-post-thumbnail hentry\">\n<figure class=\"wp-block-post-featured-image\"><a href=\"https:\/\/florakert.evadomotor.com\/?page_id=15\" target=\"_self\"  ><img loading=\"lazy\" decoding=\"async\" width=\"2000\" height=\"1333\" src=\"https:\/\/florakert.evadomotor.com\/wp-content\/uploads\/garden.jpg\" class=\"attachment-post-thumbnail size-post-thumbnail wp-post-image\" alt=\"Kert\u00e9p\u00edt\u00e9s\" style=\"object-fit:cover;\" srcset=\"https:\/\/florakert.evadomotor.com\/wp-content\/uploads\/garden.jpg 2000w, https:\/\/florakert.evadomotor.com\/wp-content\/uploads\/garden-600x400.jpg 600w, https:\/\/florakert.evadomotor.com\/wp-content\/uploads\/garden-300x200.jpg 300w, https:\/\/florakert.evadomotor.com\/wp-content\/uploads\/garden-768x512.jpg 768w, https:\/\/florakert.evadomotor.com\/wp-content\/uploads\/garden-1024x682.jpg 1024w, https:\/\/florakert.evadomotor.com\/wp-content\/uploads\/garden-1536x1024.jpg 1536w\" sizes=\"auto, (max-width: 2000px) 100vw, 2000px\" \/><\/a><\/figure>\n\n<h3 class=\"wp-block-post-title\"><a href=\"https:\/\/florakert.evadomotor.com\/?page_id=15\" target=\"_self\" >Kert\u00e9p\u00edt\u00e9s<\/a><\/h3>\n\n<div class=\"wp-block-post-excerpt\"><p class=\"wp-block-post-excerpt__excerpt\">Kertj\u00e9nek tervez\u00e9se egy kreat\u00edv utaz\u00e1s, ahol az \u00d6n elk\u00e9pzel\u00e9seit, st\u00edlus\u00e1t \u00e9s ig\u00e9nyeit vessz\u00fck figyelembe. Egy\u00fctt alak\u00edtjuk ki az egyedi teret, ahol a term\u00e9szet \u00e9s a m\u0171v\u00e9szet tal\u00e1lkozik.<\/p><p class=\"wp-block-post-excerpt__more-text\"><a class=\"wp-block-post-excerpt__more-link\" href=\"https:\/\/florakert.evadomotor.com\/?page_id=15\"><strong>R\u00e9szletek<\/strong><\/a><\/p><\/div>\n<\/li><li class=\"wp-block-post post-13 page type-page status-publish has-post-thumbnail hentry\">\n<figure class=\"wp-block-post-featured-image\"><a href=\"https:\/\/florakert.evadomotor.com\/?page_id=13\" target=\"_self\"  ><img loading=\"lazy\" decoding=\"async\" width=\"2000\" height=\"1332\" src=\"https:\/\/florakert.evadomotor.com\/wp-content\/uploads\/park.jpg\" class=\"attachment-post-thumbnail size-post-thumbnail wp-post-image\" alt=\"Parkfenntart\u00e1s\" style=\"object-fit:cover;\" srcset=\"https:\/\/florakert.evadomotor.com\/wp-content\/uploads\/park.jpg 2000w, https:\/\/florakert.evadomotor.com\/wp-content\/uploads\/park-600x400.jpg 600w, https:\/\/florakert.evadomotor.com\/wp-content\/uploads\/park-300x200.jpg 300w, https:\/\/florakert.evadomotor.com\/wp-content\/uploads\/park-768x511.jpg 768w, https:\/\/florakert.evadomotor.com\/wp-content\/uploads\/park-1024x682.jpg 1024w, https:\/\/florakert.evadomotor.com\/wp-content\/uploads\/park-1536x1023.jpg 1536w\" sizes=\"auto, (max-width: 2000px) 100vw, 2000px\" \/><\/a><\/figure>\n\n<h3 class=\"wp-block-post-title\"><a href=\"https:\/\/florakert.evadomotor.com\/?page_id=13\" target=\"_self\" >Parkfenntart\u00e1s<\/a><\/h3>\n\n<div class=\"wp-block-post-excerpt\"><p class=\"wp-block-post-excerpt__excerpt\">V\u00e1rosi parkok, k\u00f6z\u00f6ss\u00e9gi terek vagy mag\u00e1nkertek \u2013 mindegyiket szeretettel \u00e1polt \u00e9s harmonikus helysz\u00ednn\u00e9 alak\u00edtjuk \u00e1t. Az \u00e9lhet\u0151 v\u00e1rosok \u00e9s k\u00e9nyelmes otthonok \u00e9p\u00edt\u00e9s\u00e9ben j\u00e1rtasak vagyunk.<\/p><p class=\"wp-block-post-excerpt__more-text\"><a class=\"wp-block-post-excerpt__more-link\" href=\"https:\/\/florakert.evadomotor.com\/?page_id=13\"><strong>R\u00e9szletek<\/strong><\/a><\/p><\/div>\n<\/li><li class=\"wp-block-post post-17 page type-page status-publish has-post-thumbnail hentry\">\n<figure class=\"wp-block-post-featured-image\"><a href=\"https:\/\/florakert.evadomotor.com\/?page_id=17\" target=\"_self\"  ><img loading=\"lazy\" decoding=\"async\" width=\"2000\" height=\"1332\" src=\"https:\/\/florakert.evadomotor.com\/wp-content\/uploads\/to.jpg\" class=\"attachment-post-thumbnail size-post-thumbnail wp-post-image\" alt=\"Kerti T\u00f3 \u00e9s Sziklakert\" style=\"object-fit:cover;\" srcset=\"https:\/\/florakert.evadomotor.com\/wp-content\/uploads\/to.jpg 2000w, https:\/\/florakert.evadomotor.com\/wp-content\/uploads\/to-600x400.jpg 600w, https:\/\/florakert.evadomotor.com\/wp-content\/uploads\/to-300x200.jpg 300w, https:\/\/florakert.evadomotor.com\/wp-content\/uploads\/to-768x511.jpg 768w, https:\/\/florakert.evadomotor.com\/wp-content\/uploads\/to-1024x682.jpg 1024w, https:\/\/florakert.evadomotor.com\/wp-content\/uploads\/to-1536x1023.jpg 1536w\" sizes=\"auto, (max-width: 2000px) 100vw, 2000px\" \/><\/a><\/figure>\n\n<h3 class=\"wp-block-post-title\"><a href=\"https:\/\/florakert.evadomotor.com\/?page_id=17\" target=\"_self\" >Kerti T\u00f3 \u00e9s Sziklakert<\/a><\/h3>\n\n<div class=\"wp-block-post-excerpt\"><p class=\"wp-block-post-excerpt__excerpt\">A v\u00edz \u00e9s k\u0151 var\u00e1zslata. Leny\u0171g\u00f6z\u0151 kerti tavakat \u00e9s sziklakerteket hozunk l\u00e9tre, amelyek kikapcsol\u00f3d\u00e1st \u00e9s harm\u00f3ni\u00e1t hoznak a kertj\u00e9be. A term\u00e9szeti elemek \u00f6sszehangol\u00e1sa m\u0171v\u00e9szet.<\/p><p class=\"wp-block-post-excerpt__more-text\"><a class=\"wp-block-post-excerpt__more-link\" href=\"https:\/\/florakert.evadomotor.com\/?page_id=17\"><strong>R\u00e9szletek<\/strong><\/a><\/p><\/div>\n<\/li><\/ul><\/div>\n\n\n\n<div style=\"height:50px\" aria-hidden=\"true\" class=\"wp-block-spacer\"><\/div>\n\n\n\n<div class=\"wp-block-columns home-portfolio is-layout-flex wp-container-core-columns-is-layout-9d6595d7 wp-block-columns-is-layout-flex\">\n<div class=\"wp-block-column home-portfolio-txt is-layout-flow wp-block-column-is-layout-flow\" style=\"flex-basis:25%\">\n<h2 class=\"wp-block-heading\">Referenci\u00e1k \u00e9s<br>sikert\u00f6rt\u00e9netek<\/h2>\n\n\n\n<p>B\u00fcszk\u00e9k vagyunk arra, hogy sz\u00e1mos sikeres projektet val\u00f3s\u00edtottunk meg, \u00e9s hogy \u00fcgyfeleink visszat\u00e9rnek hozz\u00e1nk. Ismerje meg, mit mondanak r\u00f3lunk azok, akik m\u00e1r megtapasztalt\u00e1k<br>szolg\u00e1ltat\u00e1sainkat!<\/p>\n\n\n\n<div class=\"wp-block-buttons is-layout-flex wp-block-buttons-is-layout-flex\">\n<div class=\"wp-block-button\"><a class=\"wp-block-button__link wp-element-button\" href=\"https:\/\/florakert.evadomotor.com\/?page_id=19\">Referenci\u00e1k<\/a><\/div>\n<\/div>\n<\/div>\n\n\n\n<div class=\"wp-block-column is-layout-flow wp-block-column-is-layout-flow\" style=\"flex-basis:66.675%\">\n<div class=\"wp-block-query portfolio is-layout-flow wp-block-query-is-layout-flow\"><ul class=\"columns-3 wp-block-post-template is-layout-grid wp-container-core-post-template-is-layout-2fc57c17 wp-block-post-template-is-layout-grid\"><li class=\"wp-block-post post-191 page type-page status-publish has-post-thumbnail hentry\">\n<figure class=\"wp-block-post-featured-image\"><a href=\"https:\/\/florakert.evadomotor.com\/?page_id=191\" target=\"_self\"  ><img loading=\"lazy\" decoding=\"async\" width=\"2560\" height=\"1707\" src=\"https:\/\/florakert.evadomotor.com\/wp-content\/uploads\/ref2-scaled.jpg\" class=\"attachment-post-thumbnail size-post-thumbnail wp-post-image\" alt=\"Mediterr\u00e1n hangulat\u00fa parkerd\u0151\" style=\"object-fit:cover;\" srcset=\"https:\/\/florakert.evadomotor.com\/wp-content\/uploads\/ref2-scaled.jpg 2560w, https:\/\/florakert.evadomotor.com\/wp-content\/uploads\/ref2-600x400.jpg 600w, https:\/\/florakert.evadomotor.com\/wp-content\/uploads\/ref2-300x200.jpg 300w, https:\/\/florakert.evadomotor.com\/wp-content\/uploads\/ref2-768x512.jpg 768w, https:\/\/florakert.evadomotor.com\/wp-content\/uploads\/ref2-1024x683.jpg 1024w, https:\/\/florakert.evadomotor.com\/wp-content\/uploads\/ref2-1536x1024.jpg 1536w, https:\/\/florakert.evadomotor.com\/wp-content\/uploads\/ref2-2048x1365.jpg 2048w\" sizes=\"auto, (max-width: 2560px) 100vw, 2560px\" \/><\/a><\/figure>\n\n<h3 class=\"wp-block-post-title\">Mediterr\u00e1n hangulat\u00fa parkerd\u0151<\/h3>\n<\/li><li class=\"wp-block-post post-189 page type-page status-publish has-post-thumbnail hentry\">\n<figure class=\"wp-block-post-featured-image\"><a href=\"https:\/\/florakert.evadomotor.com\/?page_id=189\" target=\"_self\"  ><img loading=\"lazy\" decoding=\"async\" width=\"1333\" height=\"2000\" src=\"https:\/\/florakert.evadomotor.com\/wp-content\/uploads\/ref6.jpg\" class=\"attachment-post-thumbnail size-post-thumbnail wp-post-image\" alt=\"Veszpr\u00e9mi v\u00e1rkert \u00fajragondolva\" style=\"object-fit:cover;\" srcset=\"https:\/\/florakert.evadomotor.com\/wp-content\/uploads\/ref6.jpg 1333w, https:\/\/florakert.evadomotor.com\/wp-content\/uploads\/ref6-600x900.jpg 600w, https:\/\/florakert.evadomotor.com\/wp-content\/uploads\/ref6-200x300.jpg 200w, https:\/\/florakert.evadomotor.com\/wp-content\/uploads\/ref6-768x1152.jpg 768w, https:\/\/florakert.evadomotor.com\/wp-content\/uploads\/ref6-682x1024.jpg 682w, https:\/\/florakert.evadomotor.com\/wp-content\/uploads\/ref6-1024x1536.jpg 1024w\" sizes=\"auto, (max-width: 1333px) 100vw, 1333px\" \/><\/a><\/figure>\n\n<h3 class=\"wp-block-post-title\">Veszpr\u00e9mi v\u00e1rkert \u00fajragondolva<\/h3>\n<\/li><li class=\"wp-block-post post-183 page type-page status-publish has-post-thumbnail hentry\">\n<figure class=\"wp-block-post-featured-image\"><a href=\"https:\/\/florakert.evadomotor.com\/?page_id=183\" target=\"_self\"  ><img loading=\"lazy\" decoding=\"async\" width=\"1333\" height=\"2000\" src=\"https:\/\/florakert.evadomotor.com\/wp-content\/uploads\/ref4.jpg\" class=\"attachment-post-thumbnail size-post-thumbnail wp-post-image\" alt=\"Debreceni v\u00e1rosi z\u00f6ldter\u00fclet meg\u00faj\u00edt\u00e1s\" style=\"object-fit:cover;\" srcset=\"https:\/\/florakert.evadomotor.com\/wp-content\/uploads\/ref4.jpg 1333w, https:\/\/florakert.evadomotor.com\/wp-content\/uploads\/ref4-600x900.jpg 600w, https:\/\/florakert.evadomotor.com\/wp-content\/uploads\/ref4-200x300.jpg 200w, https:\/\/florakert.evadomotor.com\/wp-content\/uploads\/ref4-768x1152.jpg 768w, https:\/\/florakert.evadomotor.com\/wp-content\/uploads\/ref4-682x1024.jpg 682w, https:\/\/florakert.evadomotor.com\/wp-content\/uploads\/ref4-1024x1536.jpg 1024w\" sizes=\"auto, (max-width: 1333px) 100vw, 1333px\" \/><\/a><\/figure>\n\n<h3 class=\"wp-block-post-title\">Debreceni v\u00e1rosi z\u00f6ldter\u00fclet meg\u00faj\u00edt\u00e1s<\/h3>\n<\/li><li class=\"wp-block-post post-181 page type-page status-publish has-post-thumbnail hentry\">\n<figure class=\"wp-block-post-featured-image\"><a href=\"https:\/\/florakert.evadomotor.com\/?page_id=181\" target=\"_self\"  ><img loading=\"lazy\" decoding=\"async\" width=\"2000\" height=\"1333\" src=\"https:\/\/florakert.evadomotor.com\/wp-content\/uploads\/ref1.jpg\" class=\"attachment-post-thumbnail size-post-thumbnail wp-post-image\" alt=\"\u00c1lomkert a budai domboldalon\" style=\"object-fit:cover;\" srcset=\"https:\/\/florakert.evadomotor.com\/wp-content\/uploads\/ref1.jpg 2000w, https:\/\/florakert.evadomotor.com\/wp-content\/uploads\/ref1-600x400.jpg 600w, https:\/\/florakert.evadomotor.com\/wp-content\/uploads\/ref1-300x200.jpg 300w, https:\/\/florakert.evadomotor.com\/wp-content\/uploads\/ref1-768x512.jpg 768w, https:\/\/florakert.evadomotor.com\/wp-content\/uploads\/ref1-1024x682.jpg 1024w, https:\/\/florakert.evadomotor.com\/wp-content\/uploads\/ref1-1536x1024.jpg 1536w\" sizes=\"auto, (max-width: 2000px) 100vw, 2000px\" \/><\/a><\/figure>\n\n<h3 class=\"wp-block-post-title\">\u00c1lomkert a budai domboldalon<\/h3>\n<\/li><li class=\"wp-block-post post-187 page type-page status-publish has-post-thumbnail hentry\">\n<figure class=\"wp-block-post-featured-image\"><a href=\"https:\/\/florakert.evadomotor.com\/?page_id=187\" target=\"_self\"  ><img loading=\"lazy\" decoding=\"async\" width=\"2000\" height=\"1333\" src=\"https:\/\/florakert.evadomotor.com\/wp-content\/uploads\/ref3.jpg\" class=\"attachment-post-thumbnail size-post-thumbnail wp-post-image\" alt=\"Egri k\u00faria kertje\" style=\"object-fit:cover;\" srcset=\"https:\/\/florakert.evadomotor.com\/wp-content\/uploads\/ref3.jpg 2000w, https:\/\/florakert.evadomotor.com\/wp-content\/uploads\/ref3-600x400.jpg 600w, https:\/\/florakert.evadomotor.com\/wp-content\/uploads\/ref3-300x200.jpg 300w, https:\/\/florakert.evadomotor.com\/wp-content\/uploads\/ref3-768x512.jpg 768w, https:\/\/florakert.evadomotor.com\/wp-content\/uploads\/ref3-1024x682.jpg 1024w, https:\/\/florakert.evadomotor.com\/wp-content\/uploads\/ref3-1536x1024.jpg 1536w\" sizes=\"auto, (max-width: 2000px) 100vw, 2000px\" \/><\/a><\/figure>\n\n<h3 class=\"wp-block-post-title\">Egri k\u00faria kertje<\/h3>\n<\/li><li class=\"wp-block-post post-185 page type-page status-publish has-post-thumbnail hentry\">\n<figure class=\"wp-block-post-featured-image\"><a href=\"https:\/\/florakert.evadomotor.com\/?page_id=185\" target=\"_self\"  ><img loading=\"lazy\" decoding=\"async\" width=\"1338\" height=\"2000\" src=\"https:\/\/florakert.evadomotor.com\/wp-content\/uploads\/ref5.jpg\" class=\"attachment-post-thumbnail size-post-thumbnail wp-post-image\" alt=\"H\u00e9tv\u00e9gi pihen\u0151kert\" style=\"object-fit:cover;\" srcset=\"https:\/\/florakert.evadomotor.com\/wp-content\/uploads\/ref5.jpg 1338w, https:\/\/florakert.evadomotor.com\/wp-content\/uploads\/ref5-600x897.jpg 600w, https:\/\/florakert.evadomotor.com\/wp-content\/uploads\/ref5-201x300.jpg 201w, https:\/\/florakert.evadomotor.com\/wp-content\/uploads\/ref5-768x1148.jpg 768w, https:\/\/florakert.evadomotor.com\/wp-content\/uploads\/ref5-685x1024.jpg 685w, https:\/\/florakert.evadomotor.com\/wp-content\/uploads\/ref5-1028x1536.jpg 1028w\" sizes=\"auto, (max-width: 1338px) 100vw, 1338px\" \/><\/a><\/figure>\n\n<h3 class=\"wp-block-post-title\">H\u00e9tv\u00e9gi pihen\u0151kert<\/h3>\n<\/li><\/ul><\/div>\n<\/div>\n<\/div>\n\n\n\n<div class=\"wp-block-group wide lime-bg\"><div class=\"wp-block-group__inner-container is-layout-constrained wp-block-group-is-layout-constrained\">\n<h2 class=\"wp-block-heading has-text-align-center\"><br>K\u00e9szen \u00e1ll \u00e1lomkertje megval\u00f3s\u00edt\u00e1s\u00e1ra?<\/h2>\n\n\n\n<p class=\"has-text-align-center narrow\">Ha m\u00e1r van elk\u00e9pzel\u00e9se, vagy m\u00e9g csak inspir\u00e1ci\u00f3t keres, mi itt vagyunk, hogy seg\u00edts\u00fcnk! K\u00e9rjen szem\u00e9lyre szabott<br>\u00e1raj\u00e1nlatot, \u00e9s kezdj\u00fck el egy\u00fctt tervezni az \u00d6n \u00e1lomkertj\u00e9t!<\/p>\n\n\n\n<div class=\"wp-block-buttons is-content-justification-center is-layout-flex wp-container-core-buttons-is-layout-16018d1d wp-block-buttons-is-layout-flex\">\n<div class=\"wp-block-button\"><a class=\"wp-block-button__link has-text-align-center wp-element-button\" href=\"https:\/\/florakert.evadomotor.com\/?page_id=70\">Aj\u00e1nlatk\u00e9r\u00e9s<\/a><\/div>\n<\/div>\n<\/div><\/div>\n\n\n\n<div style=\"height:100px\" aria-hidden=\"true\" class=\"wp-block-spacer\"><\/div>\n\n\n\n<div class=\"wp-block-columns is-layout-flex wp-container-core-columns-is-layout-9d6595d7 wp-block-columns-is-layout-flex\">\n<div class=\"wp-block-column is-layout-flow wp-block-column-is-layout-flow\">\n<figure class=\"wp-block-gallery has-nested-images columns-1 team wp-block-gallery-1 is-layout-flex wp-block-gallery-is-layout-flex\">\n<figure class=\"wp-block-image size-large\"><img loading=\"lazy\" decoding=\"async\" width=\"1024\" height=\"683\" data-id=\"250\" src=\"https:\/\/florakert.evadomotor.com\/wp-content\/uploads\/t1-1-1024x683.jpg\" alt=\"\" class=\"wp-image-250\" srcset=\"https:\/\/florakert.evadomotor.com\/wp-content\/uploads\/t1-1-1024x683.jpg 1024w, https:\/\/florakert.evadomotor.com\/wp-content\/uploads\/t1-1-600x400.jpg 600w, https:\/\/florakert.evadomotor.com\/wp-content\/uploads\/t1-1-300x200.jpg 300w, https:\/\/florakert.evadomotor.com\/wp-content\/uploads\/t1-1-768x512.jpg 768w, https:\/\/florakert.evadomotor.com\/wp-content\/uploads\/t1-1.jpg 1500w\" sizes=\"auto, (max-width: 1024px) 100vw, 1024px\" \/><\/figure>\n\n\n\n<figure class=\"wp-block-image size-large\"><img loading=\"lazy\" decoding=\"async\" width=\"683\" height=\"1024\" data-id=\"249\" src=\"https:\/\/florakert.evadomotor.com\/wp-content\/uploads\/tamas-1-683x1024.jpg\" alt=\"\" class=\"wp-image-249\" srcset=\"https:\/\/florakert.evadomotor.com\/wp-content\/uploads\/tamas-1-683x1024.jpg 683w, https:\/\/florakert.evadomotor.com\/wp-content\/uploads\/tamas-1-600x900.jpg 600w, https:\/\/florakert.evadomotor.com\/wp-content\/uploads\/tamas-1-200x300.jpg 200w, https:\/\/florakert.evadomotor.com\/wp-content\/uploads\/tamas-1-768x1152.jpg 768w, https:\/\/florakert.evadomotor.com\/wp-content\/uploads\/tamas-1.jpg 1000w\" sizes=\"auto, (max-width: 683px) 100vw, 683px\" \/><\/figure>\n\n\n\n<figure class=\"wp-block-image size-large\"><img loading=\"lazy\" decoding=\"async\" width=\"683\" height=\"1024\" data-id=\"247\" src=\"https:\/\/florakert.evadomotor.com\/wp-content\/uploads\/balazs1-683x1024.jpg\" alt=\"\" class=\"wp-image-247\" srcset=\"https:\/\/florakert.evadomotor.com\/wp-content\/uploads\/balazs1-683x1024.jpg 683w, https:\/\/florakert.evadomotor.com\/wp-content\/uploads\/balazs1-600x900.jpg 600w, https:\/\/florakert.evadomotor.com\/wp-content\/uploads\/balazs1-200x300.jpg 200w, https:\/\/florakert.evadomotor.com\/wp-content\/uploads\/balazs1-768x1152.jpg 768w, https:\/\/florakert.evadomotor.com\/wp-content\/uploads\/balazs1.jpg 1000w\" sizes=\"auto, (max-width: 683px) 100vw, 683px\" \/><\/figure>\n\n\n\n<figure class=\"wp-block-image size-large\"><img loading=\"lazy\" decoding=\"async\" width=\"1024\" height=\"683\" data-id=\"248\" src=\"https:\/\/florakert.evadomotor.com\/wp-content\/uploads\/t2-1-1024x683.jpg\" alt=\"\" class=\"wp-image-248\" srcset=\"https:\/\/florakert.evadomotor.com\/wp-content\/uploads\/t2-1-1024x683.jpg 1024w, https:\/\/florakert.evadomotor.com\/wp-content\/uploads\/t2-1-600x400.jpg 600w, https:\/\/florakert.evadomotor.com\/wp-content\/uploads\/t2-1-300x200.jpg 300w, https:\/\/florakert.evadomotor.com\/wp-content\/uploads\/t2-1-768x512.jpg 768w, https:\/\/florakert.evadomotor.com\/wp-content\/uploads\/t2-1.jpg 1500w\" sizes=\"auto, (max-width: 1024px) 100vw, 1024px\" \/><\/figure>\n<\/figure>\n<\/div>\n\n\n\n<div class=\"wp-block-column is-layout-flow wp-block-column-is-layout-flow\">\n<h2 class=\"wp-block-heading\">Kik vagyunk?<\/h2>\n\n\n\n<p>&nbsp;A Fl\u00f3raKert egy szenved\u00e9lyesen elk\u00f6telezett csapat, amely kert\u00e9p\u00edt\u00e9ssel, parkrendez\u00e9ssel \u00e9s term\u00e9szetk\u00f6zeli kertek l\u00e9trehoz\u00e1s\u00e1val foglalkozik. Alap\u00edt\u00f3ink, Kocsis Tam\u00e1s \u00e9s Bal\u00e1zs testv\u00e9rp\u00e1r, gyermekkorukt\u00f3l kezdve a term\u00e9szet ir\u00e1nti szeretettel \u00e9s a kert\u00e9szked\u00e9s var\u00e1zs\u00e1val n\u0151ttek fel. Ma m\u00e1r egy 8 f\u0151s szak\u00e9rt\u0151kb\u0151l \u00e1ll\u00f3 csapat vagyunk, akik mindannyian azzal a c\u00e9llal dolgozunk, hogy megteremts\u00fck az \u00d6n \u00e1lmai kertj\u00e9t.<\/p>\n\n\n\n<h3 class=\"wp-block-heading\">Mi\u00e9rt v\u00e1lasszon minket?<\/h3>\n\n\n\n<ul class=\"wp-block-list\">\n<li><strong>Tapasztalt csapat:<\/strong>&nbsp;Az \u00e9vek sor\u00e1n sz\u00e1mos kertet \u00e9s parkot hoztunk l\u00e9tre, \u00e9s sz\u00e1mos el\u00e9gedett \u00fcgyfel\u00fcnk van, akik szolg\u00e1ltat\u00e1saink min\u0151s\u00e9g\u00e9t dics\u00e9rik.<\/li>\n\n\n\n<li><strong>Fenntarthat\u00f3s\u00e1g:<\/strong>&nbsp;Minden projekt sor\u00e1n fenntarthat\u00f3 kerttervez\u00e9si elveket alkalmazunk, hogy seg\u00edts\u00fck a biodiverzit\u00e1st \u00e9s a term\u00e9szeti k\u00f6rnyezet meg\u0151rz\u00e9s\u00e9t.<\/li>\n\n\n\n<li><strong>Egyedi tervez\u00e9s:<\/strong>&nbsp;Minden kert egyedi, \u00e9s mi odafigyel\u00fcnk az \u00d6n egyedi ig\u00e9nyeire \u00e9s st\u00edlus\u00e1ra.<\/li>\n<\/ul>\n\n\n\n<div class=\"wp-block-buttons is-layout-flex wp-block-buttons-is-layout-flex\">\n<div class=\"wp-block-button\"><a class=\"wp-block-button__link wp-element-button\" href=\"https:\/\/florakert.evadomotor.com\/?page_id=21\">B\u0151vebben r\u00f3lunk<\/a><\/div>\n<\/div>\n<\/div>\n<\/div>\n","protected":false},"excerpt":{"rendered":"<p>Z\u00f6ld\u00fclj\u00f6n vel\u00fcnk! Kreat\u00edv kerttervez\u00e9s egyfenntarthat\u00f3bb j\u00f6v\u0151\u00e9rt! A v\u00e1llalkoz\u00e1sunk kert\u00e9p\u00edt\u00e9ssel, parkrendez\u00e9ssel, kerti t\u00f3 \u00e9s sziklakert \u00e9p\u00edt\u00e9ssel foglalkozik. C\u00e9lunk olyan&nbsp;gy\u00f6ny\u00f6r\u0171 \u00e9s funkcion\u00e1lis &#8230;<\/p>\n","protected":false},"author":1,"featured_media":161,"parent":0,"menu_order":23,"comment_status":"closed","ping_status":"closed","template":"","meta":{"footnotes":""},"class_list":["post-11","page","type-page","status-publish","has-post-thumbnail","hentry"],"_links":{"self":[{"href":"https:\/\/florakert.evadomotor.com\/index.php?rest_route=\/wp\/v2\/pages\/11","targetHints":{"allow":["GET"]}}],"collection":[{"href":"https:\/\/florakert.evadomotor.com\/index.php?rest_route=\/wp\/v2\/pages"}],"about":[{"href":"https:\/\/florakert.evadomotor.com\/index.php?rest_route=\/wp\/v2\/types\/page"}],"author":[{"embeddable":true,"href":"https:\/\/florakert.evadomotor.com\/index.php?rest_route=\/wp\/v2\/users\/1"}],"replies":[{"embeddable":true,"href":"https:\/\/florakert.evadomotor.com\/index.php?rest_route=%2Fwp%2Fv2%2Fcomments&post=11"}],"version-history":[{"count":73,"href":"https:\/\/florakert.evadomotor.com\/index.php?rest_route=\/wp\/v2\/pages\/11\/revisions"}],"predecessor-version":[{"id":480,"href":"https:\/\/florakert.evadomotor.com\/index.php?rest_route=\/wp\/v2\/pages\/11\/revisions\/480"}],"wp:featuredmedia":[{"embeddable":true,"href":"https:\/\/florakert.evadomotor.com\/index.php?rest_route=\/wp\/v2\/media\/161"}],"wp:attachment":[{"href":"https:\/\/florakert.evadomotor.com\/index.php?rest_route=%2Fwp%2Fv2%2Fmedia&parent=11"}],"curies":[{"name":"wp","href":"https:\/\/api.w.org\/{rel}","templated":true}]}}